{"id":2,"date":"2021-08-19T11:14:13","date_gmt":"2021-08-19T11:14:13","guid":{"rendered":"https:\/\/plombier-argenteuil.fr\/?page_id=2"},"modified":"2023-12-12T09:35:07","modified_gmt":"2023-12-12T09:35:07","slug":"plombier-argenteuil","status":"publish","type":"page","link":"https:\/\/plombier-argenteuil.fr\/","title":{"rendered":"Plombier Argenteuil"},"content":{"rendered":"\n<h1>Un Plombier du Val d&rsquo;Oise -95 vous fait b\u00e9n\u00e9ficier de ses services de plomberie 24\/7 sur tous les quartiers d&rsquo;Argenteuil<\/h1>\n\n\n\n<p>Il est possible de planifier l&rsquo;intervention d&rsquo;un plombier par t\u00e9l\u00e9phone \u00e0 toute heure du jour et de la nuit pour obtenir un service de plomberie rapide et abordable partout a Argenteuil. Un dysfonctionnement de la canalisation peut survenir \u00e0 tout moment. Votre robinet peut se mettre \u00e0 fuir en pleine nuit, et vous devez faire intervenir un plombier en urgence pour le r\u00e9parer.<\/p>\n\n\n\n<div class=\"wp-block-image\"><figure class=\"aligncenter size-full\"><img loading=\"lazy\" width=\"373\" height=\"285\" src=\"https:\/\/plombier-argenteuil.fr\/wp-content\/uploads\/2021\/08\/plombier-argenteuil-95100.png\" alt=\"Plombier Argenteuil 95100\" class=\"wp-image-29\" srcset=\"https:\/\/plombier-argenteuil.fr\/wp-content\/uploads\/2021\/08\/plombier-argenteuil-95100.png 373w, https:\/\/plombier-argenteuil.fr\/wp-content\/uploads\/2021\/08\/plombier-argenteuil-95100-300x229.png 300w\" sizes=\"(max-width: 373px) 100vw, 373px\" \/><\/figure><\/div>\n\n\n\n<h2>\u00c0 Argenteuil un plombier peut r\u00e9soudre tous les probl\u00e8mes de plomberie de jour comme de nuit, et 7\/7. <\/h2>\n\n\n\n<p>Gr\u00e2ce \u00e0 leur service de plomberie disponible 24 heures sur 24 et 7 jours sur 7, les habitants de la r\u00e9gion peuvent \u00eatre assur\u00e9s d&rsquo;un service de plomberie rapide et abordable, m\u00eame en pleine nuit.<\/p>\n\n\n\n<p>Nos interventions sont assur\u00e9s dans la plupart des cas en 1 heure, que ce soit le jour ou la nuit. Notre entreprise peut s&rsquo;occuper de tous les types de projets de r\u00e9paration, d&rsquo;entretien et d&rsquo;installation de plomberie dans les habitations et commerces. Nous sommes une \u00e9quipe de plombiers certifi\u00e9s qui ont plusieurs ann\u00e9es d&rsquo;exp\u00e9rience dans la r\u00e9solution d&rsquo;une vari\u00e9t\u00e9 de probl\u00e8mes de plomberie que l&rsquo;on peut rencontrer de temps en temps.<\/p>\n\n\n\n<h2>Des services de plomberie 24\/7 \u00e0 Argenteuil 95100<\/h2>\n\n\n\n<p>En mati\u00e8re de services de plomberie d&rsquo;urgence, notre entreprise jouit d&rsquo;une expertise exceptionnelle. Pour r\u00e9soudre des probl\u00e8mes tels que les fuites de robinets, les toilettes bouch\u00e9es, les canalisations bouch\u00e9es, les fuites de gaz, la r\u00e9paration des \u00e9viers, etc., ils ne perdent jamais de temps et se pr\u00e9cipitent pour aider leurs clients d\u00e8s qu&rsquo;ils re\u00e7oivent un appel sur leur ligne d&rsquo;assistance t\u00e9l\u00e9phonique. <strong><a href=\"tel:07 57 99 05 84\">07 57 99 05 84<\/a><\/strong>. Une \u00e9quipe de techniciens et de plombiers hautement qualifi\u00e9s et exp\u00e9riment\u00e9s reste disponible jour et nuit pour s&rsquo;occuper de tout probl\u00e8me de plomberie d&rsquo;urgence dans Argenteuil.<\/p>\n\n\n\n<h2>Plombier \u00e0 Argenteuil &#8211; Entreprise de plomberie (95100)<\/h2>\n\n\n\n<p>Lorsque les tuyaux ont une fuite ou que le chauffe-eau se comporte mal, nos plombiers form\u00e9s et exp\u00e9riment\u00e9s sont votre ressource unique pour tout ce qui concerne la plomberie dans votre maison ou votre entreprise. Si de l&rsquo;eau ou du gaz y circule, il y a de fortes chances que nous puissions l&rsquo;installer, l&rsquo;am\u00e9liorer ou le r\u00e9parer.<\/p>\n\n\n\n<p>Les autres entreprises de plomberie n&rsquo;ont tout simplement pas notre expertise Pourquoi ? Tous les plombiers et le personnel sont form\u00e9s pour fournir le plus haut niveau de service \u00e0 la client\u00e8le avec notre installation et r\u00e9paration de plomberie et de chauffage. Nous traitons la plomberie de votre maison ou de votre entreprise comme nous le ferions dans nos propres maisons. Nous croyons que la satisfaction du client devrait toujours \u00eatre une priorit\u00e9 absolue. En nous concentrant sur un service fiable, honn\u00eate et abordable, nous avons cr\u00e9\u00e9 une r\u00e9putation de succ\u00e8s. Nous avons continuellement fourni un service de plomberie et de chauffage in\u00e9gal\u00e9 \u00e0 travers Argenteuil (95100).<\/p>\n\n\n\n<h2>Certains des services propos\u00e9s par la plomberie d&rsquo;Argenteuil. <\/h2>\n\n\n\n<ul><li>R\u00e9paration et installation de toilettes suspendu<\/li><li>R\u00e9paration et installation de robinetterie<\/li><li>R\u00e9paration et installation de douches<\/li><li>R\u00e9paration et installation de baignoires<\/li><li>R\u00e9paration et installation de chaudi\u00e8res\/chauffe eau<\/li><li>R\u00e9paration et installation de la tuyauterie<\/li><li>D\u00e9bouchage de WC <\/li><\/ul>\n\n\n\n<p>Les autres services avanc\u00e9s fournis par plombier Argenteuil sont les suivants :<\/p>\n\n\n\n<ul><li>D\u00e9pannage et installation sanitaire (chauffe-eau, chaudi\u00e8re, ballon eau chaude sanitaire, adoucisseur d&rsquo;eau)<\/li><li>R\u00e9novation de salle de bains<\/li><li>D\u00e9gorgement\/d\u00e9bouchage toutes canalisations<\/li><li>Recherche de fuite avec \u00e9quipement sp\u00e9cialis\u00e9<\/li><\/ul>\n\n\n\n<p>Contactez plombier Argenteuil ayant plus de 10 ans d&rsquo;exp\u00e9rience au <strong><a href=\"tel:07 57 99 05 84\">07 57 99 05 84<\/a><\/strong>, 24 heures par jour, 7 jours par semaine. Comptez sur le service de qualit\u00e9 que vous offre une entreprise de plomberie. Tous les travaux sont accompagn\u00e9s d&rsquo;une garantie d&rsquo;un an sur toutes les pi\u00e8ces et la main-d&rsquo;\u0153uvre.<\/p>\n\n\n\n<h3>Que faire lorsque la toilette est bouch\u00e9e ?<br><\/h3>\n\n\n\n<blockquote class=\"wp-block-quote\"><p>Toute canalisation bouch\u00e9e est toujours g\u00eanant. Lorsque la toilette est bouch\u00e9e, il faut rapidement r\u00e9soudre le probl\u00e8me. Vous avez toujours le choix entre le faire vous-m\u00eame ou faire appel \u00e0 un professionnel pour le d\u00e9bouchage canalisation Argenteuil de votre WC. Et la solution peut \u00eatre m\u00e9canique ou chimique. Le d\u00e9bouchage canalisation Argenteuil de votre WC est une op\u00e9ration simple.<\/p><p>Vous pouvez donc r\u00e9ussir \u00e0 r\u00e9soudre le d\u00e9sagr\u00e9ment vous-m\u00eame. Mais encore faut-il que vous disposiez du mat\u00e9riel n\u00e9cessaire pour le faire. Si ce n\u2019est pas le cas, autant confier la t\u00e2che \u00e0 un plombier Argenteuil. D\u2019ailleurs, c\u2019est plus prudent, plus rapide, et plus efficace. Seulement, n\u2019oubliez pas que vous devez payer son intervention.<\/p><\/blockquote>\n\n\n\n<h3>Faire appel \u00e0 un professionnel ou le faire soi-m\u00eame ?<\/h3>\n\n\n\n<blockquote class=\"wp-block-quote\"><p>Si vous avez envie de r\u00e9soudre le probl\u00e8me vous-m\u00eame, trouvez ci-dessous comment vous y prendre. Par solution m\u00e9canique, on entend l\u2019utilisation d\u2019outil parfaitement adapt\u00e9 pour le d\u00e9bouchage canalisation Argenteuil de la toilette. Vous avez donc le choix entre la ventouse et le furet, la premi\u00e8re est adapt\u00e9e au petit bouchon et le second au bouchon volumineux.<\/p><p>Utilisez la ventouse et placez-la contre l&rsquo;orifice du fond de la cuvette. Ensuite, pompez le bouchon en r\u00e9p\u00e9tant ce geste de nombreuses fois jusqu\u2019\u00e0 ce qu\u2019il se d\u00e9sagr\u00e8ge. Pour finir, tirez la chasse d\u2019eau, et si l\u2019eau coule bien, le probl\u00e8me est r\u00e9solu. A l\u2019aide d\u2019un furet, enfoncez le furet au fond de la cuvette jusqu\u2019\u00e0 rencontrer le bouchon. Ensuite, tournez-le pour provoquer la d\u00e9sagr\u00e9gation du bouchon et laisser l\u2019eau s\u2019\u00e9vacuer.<\/p><\/blockquote>\n\n\n\n<h2>Artisan Plombier Chauffagiste Argenteuil \u00e0 votre service 24h\/24<\/h2>\n\n\n\n<p>plombier-argenteuil.fr emploie les meilleurs et les plus exp\u00e9riment\u00e9s techniciens Chauffage. Les habitants d&rsquo;Argenteuil peuvent leur faire confiance pour installer les syst\u00e8mes de chauffage les plus r\u00e9cents et fournir des services de r\u00e9paration d&rsquo;urgence 24 heures sur 24. Les \u00e9quipements de chauffage peuvent tomber en panne soudainement, mais lorsque des probl\u00e8mes se produisent, le fait de nous contacter sans tarder permettra \u00e0 nos plombiers chauffagistes a Argenteuil d&rsquo;effectuer une v\u00e9rification approfondie et de trouver l&rsquo;origine du probl\u00e8me.<\/p>\n\n\n\n<p>Notre \u00e9quipe est en mesure de r\u00e9pondre aux besoins des appareils de chauffage au mazout, au gaz ou \u00e0 l&rsquo;\u00e9lectricit\u00e9. Nos plombiers chauffagistes d&rsquo;Argenteuil sont ponctuels, polis et performants. Vous ne savez jamais quand votre syst\u00e8me de chauffage tombera en panne. M\u00eame un chaudi\u00e8re r\u00e9guli\u00e8rement entretenue peut avoir des d\u00e9faillances, Il peut s&rsquo;agir d&rsquo;un bruleur de chaudi\u00e8re gaz qui ne s&rsquo;allume plus, thermostat ne d\u00e9clenche pas, manque pression d&rsquo;eau dans le circuit de chauffage ou de tout autre probl\u00e8me m\u00e9canique.<\/p>\n\n\n\n<p>Appelez-nous au &nbsp;<strong><a href=\"tel:07 57 99 05 84\">07 57 99 05 84<\/a><\/strong> si vous observez un fonctionnement irr\u00e9gulier de la chaudi\u00e8re, si la veilleuse clignote ou est allum\u00e9e en rouge, ou encore si vous entendez des bruits inhabituels. Notre \u00e9quipe de plombier chauffagiste a Argenteuil peut aussi d\u00e9terminer si un probl\u00e8me provient d&rsquo;un thermostat d\u00e9fectueux ou mal r\u00e9gl\u00e9. Tout probl\u00e8me peut \u00eatre rapidement d\u00e9pann\u00e9 et r\u00e9solu par nos plombiers chauffagistes exp\u00e9riment\u00e9s.<\/p>\n\n\n\n<p>Si vous ne cherchez qu&rsquo;\u00e0 effectuer une prestation de chauffage sur Paris, nous vous dirigerons vers un <a href=\"https:\/\/csnb.fr\/depannage-chaudiere-entretien-chauffagiste-paris-12-75012\/\">Chauffagiste Paris pour une Intervention rapide <\/a>disposant de l&rsquo;expertise et de l&rsquo;\u00e9quipement n\u00e9cessaires qui r\u00e9pondra \u00e0 votre demande.<\/p>\n","protected":false},"excerpt":{"rendered":"<p>Un Plombier du Val d&rsquo;Oise -95 vous fait b\u00e9n\u00e9ficier de ses services de plomberie 24\/7 sur tous les quartiers d&rsquo;Argenteuil Il est possible de planifier l&rsquo;intervention d&rsquo;un plombier par t\u00e9l\u00e9phone \u00e0 toute heure du jour et de la nuit pour obtenir un service de plomberie rapide et abordable partout a Argenteuil. Un dysfonctionnement de la [&hellip;]<\/p>\n","protected":false},"author":1,"featured_media":0,"parent":0,"menu_order":0,"comment_status":"closed","ping_status":"open","template":"","meta":[],"yoast_head":"<!-- This site is optimized with the Yoast SEO plugin v16.9 - https:\/\/yoast.com\/wordpress\/plugins\/seo\/ -->\n<title>Services de plomberie Argenteuil | D\u00e9pannage | Plombier 95100 d&#039;urgence<\/title>\n<meta name=\"description\" content=\"Obtenez des conseils et astuces de votre plombier a Argenteuil pour tout ce qui concerne les fuite d&#039;eau, le d\u00e9bouchage WC, et plus encore !\" \/>\n<meta name=\"robots\" content=\"index, follow, max-snippet:-1, max-image-preview:large, max-video-preview:-1\" \/>\n<link rel=\"canonical\" href=\"https:\/\/plombier-argenteuil.fr\/\" \/>\n<meta property=\"og:locale\" content=\"fr_FR\" \/>\n<meta property=\"og:type\" content=\"article\" \/>\n<meta property=\"og:title\" content=\"Services de plomberie Argenteuil | D\u00e9pannage | Plombier 95100 d&#039;urgence\" \/>\n<meta property=\"og:description\" content=\"Obtenez des conseils et astuces de votre plombier a Argenteuil pour tout ce qui concerne les fuite d&#039;eau, le d\u00e9bouchage WC, et plus encore !\" \/>\n<meta property=\"og:url\" content=\"https:\/\/plombier-argenteuil.fr\/\" \/>\n<meta property=\"og:site_name\" content=\"Plombier Argenteuil\" \/>\n<meta property=\"article:modified_time\" content=\"2023-12-12T09:35:07+00:00\" \/>\n<meta property=\"og:image\" content=\"https:\/\/plombier-argenteuil.fr\/wp-content\/uploads\/2021\/08\/plombier-argenteuil-95100.png\" \/>\n<meta name=\"twitter:card\" content=\"summary_large_image\" \/>\n<meta name=\"twitter:label1\" content=\"Dur\u00e9e de lecture est.\" \/>\n\t<meta name=\"twitter:data1\" content=\"6 minutes\" \/>\n<script type=\"application\/ld+json\" class=\"yoast-schema-graph\">{\"@context\":\"https:\/\/schema.org\",\"@graph\":[{\"@type\":\"WebSite\",\"@id\":\"https:\/\/plombier-argenteuil.fr\/#website\",\"url\":\"https:\/\/plombier-argenteuil.fr\/\",\"name\":\"Plombier Argenteuil\",\"description\":\"\",\"potentialAction\":[{\"@type\":\"SearchAction\",\"target\":{\"@type\":\"EntryPoint\",\"urlTemplate\":\"https:\/\/plombier-argenteuil.fr\/?s={search_term_string}\"},\"query-input\":\"required name=search_term_string\"}],\"inLanguage\":\"fr-FR\"},{\"@type\":\"ImageObject\",\"@id\":\"https:\/\/plombier-argenteuil.fr\/#primaryimage\",\"inLanguage\":\"fr-FR\",\"url\":\"https:\/\/plombier-argenteuil.fr\/wp-content\/uploads\/2021\/08\/plombier-argenteuil-95100.png\",\"contentUrl\":\"https:\/\/plombier-argenteuil.fr\/wp-content\/uploads\/2021\/08\/plombier-argenteuil-95100.png\",\"width\":373,\"height\":285},{\"@type\":\"WebPage\",\"@id\":\"https:\/\/plombier-argenteuil.fr\/#webpage\",\"url\":\"https:\/\/plombier-argenteuil.fr\/\",\"name\":\"Services de plomberie Argenteuil | D\\u00e9pannage | Plombier 95100 d'urgence\",\"isPartOf\":{\"@id\":\"https:\/\/plombier-argenteuil.fr\/#website\"},\"primaryImageOfPage\":{\"@id\":\"https:\/\/plombier-argenteuil.fr\/#primaryimage\"},\"datePublished\":\"2021-08-19T11:14:13+00:00\",\"dateModified\":\"2023-12-12T09:35:07+00:00\",\"description\":\"Obtenez des conseils et astuces de votre plombier a Argenteuil pour tout ce qui concerne les fuite d'eau, le d\\u00e9bouchage WC, et plus encore !\",\"breadcrumb\":{\"@id\":\"https:\/\/plombier-argenteuil.fr\/#breadcrumb\"},\"inLanguage\":\"fr-FR\",\"potentialAction\":[{\"@type\":\"ReadAction\",\"target\":[\"https:\/\/plombier-argenteuil.fr\/\"]}]},{\"@type\":\"BreadcrumbList\",\"@id\":\"https:\/\/plombier-argenteuil.fr\/#breadcrumb\",\"itemListElement\":[{\"@type\":\"ListItem\",\"position\":1,\"name\":\"Plombier Argenteuil\"}]}]}<\/script>\n<!-- \/ Yoast SEO plugin. -->","yoast_head_json":{"title":"Services de plomberie Argenteuil | D\u00e9pannage | Plombier 95100 d'urgence","description":"Obtenez des conseils et astuces de votre plombier a Argenteuil pour tout ce qui concerne les fuite d'eau, le d\u00e9bouchage WC, et plus encore !","robots":{"index":"index","follow":"follow","max-snippet":"max-snippet:-1","max-image-preview":"max-image-preview:large","max-video-preview":"max-video-preview:-1"},"canonical":"https:\/\/plombier-argenteuil.fr\/","og_locale":"fr_FR","og_type":"article","og_title":"Services de plomberie Argenteuil | D\u00e9pannage | Plombier 95100 d'urgence","og_description":"Obtenez des conseils et astuces de votre plombier a Argenteuil pour tout ce qui concerne les fuite d'eau, le d\u00e9bouchage WC, et plus encore !","og_url":"https:\/\/plombier-argenteuil.fr\/","og_site_name":"Plombier Argenteuil","article_modified_time":"2023-12-12T09:35:07+00:00","og_image":[{"url":"https:\/\/plombier-argenteuil.fr\/wp-content\/uploads\/2021\/08\/plombier-argenteuil-95100.png"}],"twitter_card":"summary_large_image","twitter_misc":{"Dur\u00e9e de lecture est.":"6 minutes"},"schema":{"@context":"https:\/\/schema.org","@graph":[{"@type":"WebSite","@id":"https:\/\/plombier-argenteuil.fr\/#website","url":"https:\/\/plombier-argenteuil.fr\/","name":"Plombier Argenteuil","description":"","potentialAction":[{"@type":"SearchAction","target":{"@type":"EntryPoint","urlTemplate":"https:\/\/plombier-argenteuil.fr\/?s={search_term_string}"},"query-input":"required name=search_term_string"}],"inLanguage":"fr-FR"},{"@type":"ImageObject","@id":"https:\/\/plombier-argenteuil.fr\/#primaryimage","inLanguage":"fr-FR","url":"https:\/\/plombier-argenteuil.fr\/wp-content\/uploads\/2021\/08\/plombier-argenteuil-95100.png","contentUrl":"https:\/\/plombier-argenteuil.fr\/wp-content\/uploads\/2021\/08\/plombier-argenteuil-95100.png","width":373,"height":285},{"@type":"WebPage","@id":"https:\/\/plombier-argenteuil.fr\/#webpage","url":"https:\/\/plombier-argenteuil.fr\/","name":"Services de plomberie Argenteuil | D\u00e9pannage | Plombier 95100 d'urgence","isPartOf":{"@id":"https:\/\/plombier-argenteuil.fr\/#website"},"primaryImageOfPage":{"@id":"https:\/\/plombier-argenteuil.fr\/#primaryimage"},"datePublished":"2021-08-19T11:14:13+00:00","dateModified":"2023-12-12T09:35:07+00:00","description":"Obtenez des conseils et astuces de votre plombier a Argenteuil pour tout ce qui concerne les fuite d'eau, le d\u00e9bouchage WC, et plus encore !","breadcrumb":{"@id":"https:\/\/plombier-argenteuil.fr\/#breadcrumb"},"inLanguage":"fr-FR","potentialAction":[{"@type":"ReadAction","target":["https:\/\/plombier-argenteuil.fr\/"]}]},{"@type":"BreadcrumbList","@id":"https:\/\/plombier-argenteuil.fr\/#breadcrumb","itemListElement":[{"@type":"ListItem","position":1,"name":"Plombier Argenteuil"}]}]}},"_links":{"self":[{"href":"https:\/\/plombier-argenteuil.fr\/index.php?rest_route=\/wp\/v2\/pages\/2"}],"collection":[{"href":"https:\/\/plombier-argenteuil.fr\/index.php?rest_route=\/wp\/v2\/pages"}],"about":[{"href":"https:\/\/plombier-argenteuil.fr\/index.php?rest_route=\/wp\/v2\/types\/page"}],"author":[{"embeddable":true,"href":"https:\/\/plombier-argenteuil.fr\/index.php?rest_route=\/wp\/v2\/users\/1"}],"replies":[{"embeddable":true,"href":"https:\/\/plombier-argenteuil.fr\/index.php?rest_route=%2Fwp%2Fv2%2Fcomments&post=2"}],"version-history":[{"count":34,"href":"https:\/\/plombier-argenteuil.fr\/index.php?rest_route=\/wp\/v2\/pages\/2\/revisions"}],"predecessor-version":[{"id":79,"href":"https:\/\/plombier-argenteuil.fr\/index.php?rest_route=\/wp\/v2\/pages\/2\/revisions\/79"}],"wp:attachment":[{"href":"https:\/\/plombier-argenteuil.fr\/index.php?rest_route=%2Fwp%2Fv2%2Fmedia&parent=2"}],"curies":[{"name":"wp","href":"https:\/\/api.w.org\/{rel}","templated":true}]}}